{"id":175,"date":"2020-09-15T18:51:24","date_gmt":"2020-09-15T15:51:24","guid":{"rendered":"https:\/\/dev.vaihe.fi\/htk-wordpress\/?page_id=175"},"modified":"2025-03-19T17:59:40","modified_gmt":"2025-03-19T17:59:40","slug":"yhteystiedot","status":"publish","type":"page","link":"https:\/\/minimints.fi\/?page_id=175","title":{"rendered":"Yhteystiedot"},"content":{"rendered":"\n<h2 class=\"wp-block-heading has-medium-font-size\"><strong>MiniMintsin yhteystiedot<\/strong><\/h2>\n\n\n\n<p><strong>Vastuuvalmentaja | Coach<\/strong> Eveliina Tikkinen &amp; Petra Viitanen<\/p>\n\n\n\n<p>Yhteydenotot: seuratoiminnan koordinaattori Susanna Pajari <em><strong>susanna.pajari@helsingintaitoluisteluklubi.com<\/strong><\/em><\/p>\n\n\n\n<p><strong>Joukkueenjohtajat | Team manager<\/strong> Karoliina Halmesm\u00e4ki &amp; Tarja P\u00e4\u00e4kk\u00f6nen<\/p>\n\n\n\n<p><strong>Rahastonhoitaja | Treasurer<\/strong> Inka Sar\u00e9n<\/p>\n\n\n\n<p><strong>Sponsoriyhteisty\u00f6<\/strong>&nbsp;<strong>| Sponsor relationships&nbsp;<\/strong>Marianne Tuuttila<\/p>\n\n\n\n<p><em><strong>minimints@helsingintaitoluisteluklubi.com<\/strong><\/em><\/p>\n\n\n\n<p><\/p>\n\n\n\n<p><\/p>\n\n\n\n<p><a href=\"https:\/\/helsingintaitoluisteluklubi.com\/seura\/yhteystiedot\/\">Helsingin Taitoluisteluklubin yhteystiedot l\u00f6yd\u00e4t t\u00e4\u00e4lt\u00e4<\/a><\/p>\n","protected":false},"excerpt":{"rendered":"<p>MiniMintsin yhteystiedot Vastuuvalmentaja | Coach Eveliina Tikkinen &amp; Petra Viitanen Yhteydenotot: seuratoiminnan koordinaattori Susanna Pajari susanna.pajari@helsingintaitoluisteluklubi.com Joukkueenjohtajat | Team manager Karoliina Halmesm\u00e4ki &amp; Tarja P\u00e4\u00e4kk\u00f6nen Rahastonhoitaja | Treasurer Inka Sar\u00e9n Sponsoriyhteisty\u00f6&nbsp;| Sponsor relationships&nbsp;Marianne Tuuttila minimints@helsingintaitoluisteluklubi.com Helsingin Taitoluisteluklubin yhteystiedot l\u00f6yd\u00e4t t\u00e4\u00e4lt\u00e4<\/p>\n","protected":false},"author":1,"featured_media":0,"parent":0,"menu_order":16,"comment_status":"closed","ping_status":"closed","template":"","meta":{"footnotes":""},"class_list":["post-175","page","type-page","status-publish","hentry"],"_links":{"self":[{"href":"https:\/\/minimints.fi\/index.php?rest_route=\/wp\/v2\/pages\/175","targetHints":{"allow":["GET"]}}],"collection":[{"href":"https:\/\/minimints.fi\/index.php?rest_route=\/wp\/v2\/pages"}],"about":[{"href":"https:\/\/minimints.fi\/index.php?rest_route=\/wp\/v2\/types\/page"}],"author":[{"embeddable":true,"href":"https:\/\/minimints.fi\/index.php?rest_route=\/wp\/v2\/users\/1"}],"replies":[{"embeddable":true,"href":"https:\/\/minimints.fi\/index.php?rest_route=%2Fwp%2Fv2%2Fcomments&post=175"}],"version-history":[{"count":18,"href":"https:\/\/minimints.fi\/index.php?rest_route=\/wp\/v2\/pages\/175\/revisions"}],"predecessor-version":[{"id":1773,"href":"https:\/\/minimints.fi\/index.php?rest_route=\/wp\/v2\/pages\/175\/revisions\/1773"}],"wp:attachment":[{"href":"https:\/\/minimints.fi\/index.php?rest_route=%2Fwp%2Fv2%2Fmedia&parent=175"}],"curies":[{"name":"wp","href":"https:\/\/api.w.org\/{rel}","templated":true}]}}